{"id":2,"date":"2026-02-27T19:51:43","date_gmt":"2026-02-27T19:51:43","guid":{"rendered":"http:\/\/electionsvenon.fr\/?page_id=2"},"modified":"2026-02-28T20:09:31","modified_gmt":"2026-02-28T20:09:31","slug":"sample-page","status":"publish","type":"page","link":"https:\/\/electionsvenon.fr\/?page_id=2","title":{"rendered":"Pr\u00e9sentation"},"content":{"rendered":"\n<p>Madame, Monsieur,<\/p>\n\n\n\n<blockquote class=\"wp-block-quote is-layout-flow wp-block-quote-is-layout-flow\">\n<p>Le 15 et 22 mars vous allez \u00e9lire le prochain conseil municipal de Venon.<\/p>\n\n\n\n<p>C\u2019est un moment important de choix et d\u2019\u00e9changes qui d\u00e9terminera les orientations que nous donnerons \u00e0 notre commune.<\/p>\n\n\n\n<p>Durant ce mandat qui s\u2019ach\u00e8ve vous nous avez accord\u00e9 votre confiance et nous avons travaill\u00e9 en \u00e9quipe unie au b\u00e9n\u00e9fice de tous nos habitants.<br><\/p>\n\n\n\n<p>Apr\u00e8s un d\u00e9but de mandat touch\u00e9 par la grippe, nous avons pu r\u00e9aliser le projet du coeur de village (construction de la maison des habitants, r\u00e9am\u00e9nagement de la place, r\u00e9novation de la mairie\u2026) et travailler ensemble \u00e0 l\u2019am\u00e9lioration des services et du cadre de vie. Un engagement fort pour :<br><\/p>\n<\/blockquote>\n\n\n\n<ul class=\"wp-block-list\">\n<li>Une meilleure prise en compte de nos besoins par la r\u00e9gion, le d\u00e9partement, la m\u00e9tropole et les services de l\u2019\u00e9tat (Ligne de bus 59, classe suppl\u00e9mentaire, ,\u2026)<\/li>\n\n\n\n<li>Encourager une vie associative et culturelle dynamique (concerts, festivals, danse, peinture,\u2026)<\/li>\n\n\n\n<li>Soutenir le march\u00e9 fermier et l\u2019installation de nouveaux agriculteurs<\/li>\n\n\n\n<li>Faire vivre les temps d\u2019animation p\u00e9riscolaires et cr\u00e9er un projet jeunes<\/li>\n\n\n\n<li>D\u00e9velopper les centres de loisirs (Toussaint, P\u00e2ques et Juillet)<\/li>\n\n\n\n<li>R\u00e9aliser avec la m\u00e9tropole un programme cons\u00e9quent de travaux :<\/li>\n\n\n\n<li>r\u00e9fection des routes, gestion des glissements de terrain, r\u00e9novation du pont<\/li>\n\n\n\n<li>s\u00e9curisation des eaux pluviales<\/li>\n\n\n\n<li>cr\u00e9ation de cheminements pi\u00e9tonniers<\/li>\n<\/ul>\n\n\n\n<p>Nous sommes fiers d\u2019avoir men\u00e9 l\u2019ensemble de ces projets conjointement \u00e0 une gestion budg\u00e9taire saine et rigoureuse de la commune.<\/p>\n\n\n\n<p>J\u2019ai maintenant le grand plaisir de vous pr\u00e9senter<a href=\"http:\/\/electionsvenon.fr\/?page_id=37\" data-type=\"page\" data-id=\"37\" target=\"_blank\" rel=\"noreferrer noopener\"> l\u2019\u00e9quipe qui s\u2019engage \u00e0 mes cot\u00e9s<\/a> afin de construire un projet communal partag\u00e9, mettre en valeur notre patrimoine et son caract\u00e8re rural, conforter la qualit\u00e9 de vie de notre village en lien avec la m\u00e9tropole et faire preuve d\u2019exemplarit\u00e9 dans nos pratiques et notre engagement citoyen.<\/p>\n\n\n\n<p>Le renouvellement de l\u2019\u00e9quipe va nous permettre de donner une nouvelle impulsion \u00e0 la commune, de repr\u00e9senter tous les \u00e2ges, domaines d\u2019int\u00e9r\u00eat et hameaux de la commune, tout en s\u2019inscrivant dans une continuit\u00e9 des actions men\u00e9es.<br>Notre volont\u00e9 est de renforcer, dans la concertation la qualit\u00e9 de vie de notre village, les services rendus aux habitants, la d\u00e9marche \u00e9co citoyenne et les activit\u00e9s culturelles permettant \u00e0 tous les Venonais de se rencontrer.<\/p>\n\n\n\n<p>Esp\u00e9rant que la nouvelle liste \u00ab Bien vivre \u00e0 Venon \u00bb pourra recueillir votre adh\u00e9sion et votre suffrage, nous restons disponibles pour \u00e9changer avec vous lors des permanences de la liste et lors de la <a href=\"http:\/\/electionsvenon.fr\/?page_id=57\" data-type=\"page\" data-id=\"57\">r\u00e9union publique<\/a> pr\u00e9vue le <strong>jeudi 5 mars \u00e0 20h00<\/strong> \u00e0 la salle des f\u00eates.<\/p>\n\n\n\n<p><\/p>\n\n\n\n<figure class=\"wp-block-image size-full is-resized\"><img loading=\"lazy\" decoding=\"async\" width=\"364\" height=\"428\" src=\"http:\/\/electionsvenon.fr\/wp-content\/uploads\/2026\/02\/Marc-Oddon-bis.jpg\" alt=\"\" class=\"wp-image-9\" style=\"aspect-ratio:0.8504676748114879;width:121px;height:auto\" srcset=\"https:\/\/electionsvenon.fr\/wp-content\/uploads\/2026\/02\/Marc-Oddon-bis.jpg 364w, https:\/\/electionsvenon.fr\/wp-content\/uploads\/2026\/02\/Marc-Oddon-bis-255x300.jpg 255w\" sizes=\"auto, (max-width: 364px) 100vw, 364px\" \/><\/figure>\n\n\n\n<p>Marc Oddon,<\/p>\n\n\n\n<p>53 ans, Professeur agr\u00e9g\u00e9<\/p>\n","protected":false},"excerpt":{"rendered":"<p>Madame, Monsieur, Le 15 et 22 mars vous allez \u00e9lire le prochain conseil municipal de Venon. C\u2019est un moment important de choix et d\u2019\u00e9changes qui d\u00e9terminera les orientations que nous donnerons \u00e0 notre commune. Durant ce mandat qui s\u2019ach\u00e8ve vous nous avez accord\u00e9 votre confiance et nous avons travaill\u00e9 en \u00e9quipe unie au b\u00e9n\u00e9fice de [&hellip;]<\/p>\n","protected":false},"author":1,"featured_media":0,"parent":0,"menu_order":0,"comment_status":"closed","ping_status":"open","template":"","meta":{"footnotes":""},"class_list":["post-2","page","type-page","status-publish","hentry"],"_links":{"self":[{"href":"https:\/\/electionsvenon.fr\/index.php?rest_route=\/wp\/v2\/pages\/2","targetHints":{"allow":["GET"]}}],"collection":[{"href":"https:\/\/electionsvenon.fr\/index.php?rest_route=\/wp\/v2\/pages"}],"about":[{"href":"https:\/\/electionsvenon.fr\/index.php?rest_route=\/wp\/v2\/types\/page"}],"author":[{"embeddable":true,"href":"https:\/\/electionsvenon.fr\/index.php?rest_route=\/wp\/v2\/users\/1"}],"replies":[{"embeddable":true,"href":"https:\/\/electionsvenon.fr\/index.php?rest_route=%2Fwp%2Fv2%2Fcomments&post=2"}],"version-history":[{"count":6,"href":"https:\/\/electionsvenon.fr\/index.php?rest_route=\/wp\/v2\/pages\/2\/revisions"}],"predecessor-version":[{"id":85,"href":"https:\/\/electionsvenon.fr\/index.php?rest_route=\/wp\/v2\/pages\/2\/revisions\/85"}],"wp:attachment":[{"href":"https:\/\/electionsvenon.fr\/index.php?rest_route=%2Fwp%2Fv2%2Fmedia&parent=2"}],"curies":[{"name":"wp","href":"https:\/\/api.w.org\/{rel}","templated":true}]}}