{"id":47,"date":"2026-02-28T15:08:21","date_gmt":"2026-02-28T15:08:21","guid":{"rendered":"http:\/\/electionsvenon.fr\/?page_id=47"},"modified":"2026-02-28T20:11:11","modified_gmt":"2026-02-28T20:11:11","slug":"un-programme-pour-le-mandat","status":"publish","type":"page","link":"https:\/\/electionsvenon.fr\/?page_id=47","title":{"rendered":"Un programme pour le mandat"},"content":{"rendered":"\n<div class=\"wp-block-cover alignfull has-custom-content-position is-position-bottom-center\" style=\"margin-top:0;margin-bottom:0;padding-top:var(--wp--preset--spacing--50);padding-right:var(--wp--preset--spacing--50);padding-bottom:var(--wp--preset--spacing--50);padding-left:var(--wp--preset--spacing--50);min-height:840px;aspect-ratio:unset;\"><img loading=\"lazy\" decoding=\"async\" width=\"1024\" height=\"768\" class=\"wp-block-cover__image-background wp-image-50 size-large\" alt=\"\" src=\"http:\/\/electionsvenon.fr\/wp-content\/uploads\/2026\/02\/venon-1-1024x768.jpeg\" data-object-fit=\"cover\" srcset=\"https:\/\/electionsvenon.fr\/wp-content\/uploads\/2026\/02\/venon-1-1024x768.jpeg 1024w, https:\/\/electionsvenon.fr\/wp-content\/uploads\/2026\/02\/venon-1-300x225.jpeg 300w, https:\/\/electionsvenon.fr\/wp-content\/uploads\/2026\/02\/venon-1-768x576.jpeg 768w, https:\/\/electionsvenon.fr\/wp-content\/uploads\/2026\/02\/venon-1-1536x1152.jpeg 1536w, https:\/\/electionsvenon.fr\/wp-content\/uploads\/2026\/02\/venon-1-2048x1536.jpeg 2048w\" sizes=\"auto, (max-width: 1024px) 100vw, 1024px\" \/><span aria-hidden=\"true\" class=\"wp-block-cover__background has-background-dim-10 has-background-dim\"><\/span><div class=\"wp-block-cover__inner-container has-global-padding is-layout-constrained wp-container-core-cover-is-layout-d89aad35 wp-block-cover-is-layout-constrained\">\n<div class=\"wp-block-group alignwide has-global-padding is-content-justification-left is-layout-constrained wp-container-core-group-is-layout-12dd3699 wp-block-group-is-layout-constrained\">\n<h2 class=\"wp-block-heading has-text-align-left has-xx-large-font-size\">Bien vivre \u00e0 Venon : nos engagements<\/h2>\n\n\n\n<p>Programme \u00e9lections 2026<\/p>\n<\/div>\n<\/div><\/div>\n\n\n\n<div class=\"wp-block-group alignfull is-style-section-5 has-global-padding is-layout-constrained wp-block-group-is-layout-constrained is-style-section-5--1\" style=\"margin-top:0;margin-bottom:0;padding-top:var(--wp--preset--spacing--50);padding-bottom:var(--wp--preset--spacing--50)\">\n<div class=\"wp-block-columns alignwide is-layout-flex wp-container-core-columns-is-layout-7ee84d44 wp-block-columns-is-layout-flex\">\n<div class=\"wp-block-column is-vertically-aligned-center is-layout-flow wp-block-column-is-layout-flow\" style=\"flex-basis:50%\">\n<h2 class=\"wp-block-heading\">Cadre de vie <\/h2>\n\n\n\n<p class=\"has-medium-font-size\"><br>Pour pr\u00e9server l\u2019\u00e2me de notre village dans un cadre harmonieux et correspondant aux balcons de Belledonne, nous nous engageons \u00e0 :<\/p>\n\n\n\n<p class=\"has-medium-font-size\"><br>&#8211; Assurer un d\u00e9veloppement harmonieux de l\u2019urbanisme de la commune qui pr\u00e9serve le caract\u00e8re rural et champ\u00eatre de notre petite commune de montagne<br>&#8211; Travailler au fleurissement de la commune<br>&#8211; R\u00e9pondre aux pr\u00e9occupations de s\u00e9curit\u00e9 et de protection de la population<br>&#8211; Poursuivre la r\u00e9habilitation des chemins communaux pour encourager et faciliter le d\u00e9placement \u00e0 pied<br>&#8211; En lien avec les associations, maintenir et valoriser notre patrimoine b\u00e2ti et naturel.<\/p>\n<\/div>\n\n\n\n<div class=\"wp-block-column is-vertically-aligned-center is-layout-flow wp-block-column-is-layout-flow\" style=\"flex-basis:50%\">\n<figure class=\"wp-block-image size-full\"><img loading=\"lazy\" decoding=\"async\" width=\"640\" height=\"480\" src=\"http:\/\/electionsvenon.fr\/wp-content\/uploads\/2026\/02\/Venon.jpg\" alt=\"\" class=\"wp-image-54\" style=\"aspect-ratio:1;object-fit:cover\" srcset=\"https:\/\/electionsvenon.fr\/wp-content\/uploads\/2026\/02\/Venon.jpg 640w, https:\/\/electionsvenon.fr\/wp-content\/uploads\/2026\/02\/Venon-300x225.jpg 300w\" sizes=\"auto, (max-width: 640px) 100vw, 640px\" \/><\/figure>\n<\/div>\n<\/div>\n<\/div>\n\n\n\n<div class=\"wp-block-group alignfull has-global-padding is-layout-constrained wp-block-group-is-layout-constrained\" style=\"margin-top:0;margin-bottom:0\">\n<div class=\"wp-block-group alignwide is-layout-grid wp-container-core-group-is-layout-5fdb10e5 wp-block-group-is-layout-grid\" style=\"padding-top:var(--wp--preset--spacing--50);padding-bottom:var(--wp--preset--spacing--50)\">\n<div class=\"wp-block-group wp-container-content-9c51b35e is-vertical is-content-justification-stretch is-nowrap is-layout-flex wp-container-core-group-is-layout-627337ab wp-block-group-is-layout-flex\">\n<div class=\"wp-block-group is-vertical is-content-justification-left is-layout-flex wp-container-core-group-is-layout-dd225191 wp-block-group-is-layout-flex\">\n<p class=\"is-style-text-subtitle is-style-text-subtitle--2\"><strong>Agriculture et Alimentation<\/strong><\/p>\n\n\n\n<p>Nous nous engageons \u00e0&nbsp;:<\/p>\n\n\n\n<p>D\u00e9velopper et soutenir des projets de production locale, raisonn\u00e9e et de saison,<\/p>\n\n\n\n<p>Faciliter le fonctionnement de&nbsp; l\u2019AMAP, le march\u00e9 fermier et soutenir les initiatives locales.<\/p>\n\n\n\n<p>Poursuivre la pr\u00e9servation de nos espaces agricoles en facilitant le maintien et l\u2019installation de l\u2019activit\u00e9,<\/p>\n\n\n\n<p>Travailler avec les \u00e9quipes p\u00e9dagogiques (scolaires et p\u00e9ri scolaires) sur les enjeux de production locale et raisonn\u00e9e,<\/p>\n<\/div>\n<\/div>\n<\/div>\n<\/div>\n\n\n\n<div class=\"wp-block-group alignfull has-global-padding is-layout-constrained wp-block-group-is-layout-constrained\" style=\"margin-top:0;margin-bottom:0\">\n<div class=\"wp-block-group alignwide is-layout-grid wp-container-core-group-is-layout-5fdb10e5 wp-block-group-is-layout-grid\" style=\"padding-top:var(--wp--preset--spacing--50);padding-bottom:var(--wp--preset--spacing--50)\">\n<div class=\"wp-block-group wp-container-content-9c51b35e is-vertical is-content-justification-stretch is-nowrap is-layout-flex wp-container-core-group-is-layout-627337ab wp-block-group-is-layout-flex\">\n<div class=\"wp-block-group is-vertical is-content-justification-left is-layout-flex wp-container-core-group-is-layout-dd225191 wp-block-group-is-layout-flex\">\n<p class=\"is-style-text-subtitle is-style-text-subtitle--3\"><strong>Environnement<\/strong><\/p>\n\n\n\n<p>Encourager les modes de transports alternatifs et collectifs, et les mobilit\u00e9s douces<\/p>\n\n\n\n<p>Encourager les initiatives de sensibilisation et de pr\u00e9vention (semaine \u00e9cologique, ramassage de d\u00e9chets, pr\u00e9sentation de techniques efficaces \u00e9conomes en \u00e9nergie et en impact environnemental) et accompagner les Venonais sur des actions concr\u00e8tes et quotidiennes<\/p>\n\n\n\n<p>Valoriser les moyens d\u2019action favorables \u00e0 la biodiversit\u00e9 : labellisation APIcit\u00e9\u00ae (approche int\u00e9gr\u00e9e \u00e0 l\u2019\u00e9chelle de la commune), nichoirs,\u2026<\/p>\n\n\n\n<p>Encourager toutes les initiatives de partage, de r\u00e9emploi et s\u2019attacher \u00e0 r\u00e9duire la production de d\u00e9chets<\/p>\n\n\n\n<p>Augmenter la qualit\u00e9 et l\u2019accessibilit\u00e9 du tri<\/p>\n\n\n\n<p>Informer et accompagner le d\u00e9veloppement des \u00e9nergies renouvelables et l\u2019autoconsommation<\/p>\n<\/div>\n<\/div>\n<\/div>\n<\/div>\n\n\n\n<div class=\"wp-block-group alignfull has-global-padding is-layout-constrained wp-block-group-is-layout-constrained\" style=\"margin-top:0;margin-bottom:0\">\n<div class=\"wp-block-group alignwide is-layout-grid wp-container-core-group-is-layout-5fdb10e5 wp-block-group-is-layout-grid\" style=\"padding-top:var(--wp--preset--spacing--50);padding-bottom:var(--wp--preset--spacing--50)\">\n<div class=\"wp-block-group wp-container-content-9c51b35e is-vertical is-content-justification-stretch is-nowrap is-layout-flex wp-container-core-group-is-layout-627337ab wp-block-group-is-layout-flex\">\n<div class=\"wp-block-group is-vertical is-content-justification-left is-layout-flex wp-container-core-group-is-layout-dd225191 wp-block-group-is-layout-flex\">\n<p class=\"is-style-text-subtitle is-style-text-subtitle--4\"><strong>Solidarit\u00e9s<\/strong><\/p>\n\n\n\n<p><br>Pour renforcer les liens et faciliter l\u2019int\u00e9gration dans le village, nous nous engageons \u00e0 :<br>Pr\u00e9server et diversifier les modes de garde pour les 0-4 ans<br>Favoriser l\u2019entraide comme vraie valeur de vie d\u2019un village, entre voisins, pendant les intemp\u00e9ries, les p\u00e9riodes de cong\u00e9s, \u2026<br><\/p>\n\n\n\n<p>Chercher des solutions de maintien \u00e0 domicile et d\u2019accompagnement pour les personnes \u00e2g\u00e9es,<br>Renforcer les partenariats avec la maison de sant\u00e9 de Gi\u00e8res pour une meilleure pr\u00e9vention et un acc\u00e8s facilit\u00e9 aux soins,<br><\/p>\n\n\n\n<p>Donner les moyens d\u2019exercer dignement leur travail sur la commune aux associations intervenant avec les personnes d\u00e9pendantes (livraison de repas, aide m\u00e9nag\u00e8re, \u2026)<br>Faire le lien pour tous les Venonais avec les services m\u00e9tropolitains d\u2019aide \u00e0 l\u2019emploi et de solidarit\u00e9<br><\/p>\n\n\n\n<p>Favoriser l\u2019investissement des jeunes Venonais dans la vie de la commune (festivals, formation BAFA, travail saisonnier,.. ), et aide aux projets d\u00e9couverte.<\/p>\n<\/div>\n<\/div>\n<\/div>\n<\/div>\n\n\n\n<div class=\"wp-block-group alignfull has-global-padding is-layout-constrained wp-block-group-is-layout-constrained\" style=\"margin-top:0;margin-bottom:0\">\n<div class=\"wp-block-group alignwide is-layout-grid wp-container-core-group-is-layout-5fdb10e5 wp-block-group-is-layout-grid\" style=\"padding-top:var(--wp--preset--spacing--50);padding-bottom:var(--wp--preset--spacing--50)\">\n<div class=\"wp-block-group wp-container-content-9c51b35e is-vertical is-content-justification-stretch is-nowrap is-layout-flex wp-container-core-group-is-layout-627337ab wp-block-group-is-layout-flex\">\n<div class=\"wp-block-group is-vertical is-content-justification-left is-layout-flex wp-container-core-group-is-layout-dd225191 wp-block-group-is-layout-flex\">\n<p class=\"is-style-text-subtitle is-style-text-subtitle--5\"><strong>Communication-Animation-Culture<\/strong><\/p>\n\n\n\n<p><br>Afin d\u2019int\u00e9resser les habitants \u00e0 la vie communale et citoyenne nous nous engageons \u00e0 :<br>favoriser la concertation hameaux par hameaux de fa\u00e7on \u00e0 affiner le programme du mandat au plus pr\u00e8s de vos pr\u00e9occupations,<br>Diversifier les canaux de communication entre la mairie et les habitants (listes de diffusion, application mobile, \u2026),<br>Cr\u00e9er des projets participatifs citoyens gr\u00e2ce \u00e0 des commissions ouvertes aux habitants,<br>Soutenir la vie associative en travaillant avec les associations et en favorisant le d\u00e9veloppement d\u2019activit\u00e9s interg\u00e9n\u00e9rationnelles sur la commune,<br>Maintenir un niveau adapt\u00e9 de financement aux associations par le biais de subvention et\/ou de mise \u00e0 disposition d\u2019\u00e9quipements<br>D\u00e9velopper l\u2019acc\u00e8s \u00e0 la culture, \u00e0 la pratique musicale et aux arts pour tous les habitants<\/p>\n\n\n\n<p>.<\/p>\n<\/div>\n<\/div>\n<\/div>\n<\/div>\n\n\n\n<div class=\"wp-block-group alignfull has-global-padding is-layout-constrained wp-block-group-is-layout-constrained\" style=\"margin-top:0;margin-bottom:0\">\n<div class=\"wp-block-group alignwide is-layout-grid wp-container-core-group-is-layout-5fdb10e5 wp-block-group-is-layout-grid\" style=\"padding-top:var(--wp--preset--spacing--50);padding-bottom:var(--wp--preset--spacing--50)\">\n<div class=\"wp-block-group wp-container-content-9c51b35e is-vertical is-content-justification-stretch is-nowrap is-layout-flex wp-container-core-group-is-layout-627337ab wp-block-group-is-layout-flex\">\n<div class=\"wp-block-group is-vertical is-content-justification-left is-layout-flex wp-container-core-group-is-layout-dd225191 wp-block-group-is-layout-flex\">\n<p class=\"is-style-text-subtitle is-style-text-subtitle--6\"><strong>Gestion communale et m\u00e9tropolitaine :<\/strong><\/p>\n\n\n\n<p><br>L\u2019emploi, le dynamisme \u00e9conomique et l\u2019attractivit\u00e9 du territoire, l\u2019entretien des routes, des ruisseaux, de la for\u00eat, la gestion de l\u2019eau, de l\u2019assainissement sont des sujets trait\u00e9s au niveau de Grenoble-Alpes M\u00e9tropole. Nous veillerons \u00e0 ce que les communes de notre taille soient entendues et participent activement au dynamisme du territoire.<br>Nous serons combatifs pour que les dossiers de travaux trouvent les financements n\u00e9cessaires dans l\u2019exigence d\u2019apporter aux Venonais une gestion saine et avoir la m\u00eame fiert\u00e9 qu\u2019aujourd\u2019hui \u00e0 la remise des comptes.<\/p>\n\n\n\n<p>Nous nous engageons \u00e0 :<br>&#8211; Conserver un \u00e9quilibre financier exemplaire de la commune<br>&#8211; Diversifier les moyens de ressources pour faire face aux baisses de dotations,<br>&#8211; Saisir les opportunit\u00e9s pour renforcer l\u2019offre de logement communal,<br>&#8211; Etre pr\u00e9sents dans les commissions m\u00e9tropolitaines<br>&#8211; Etre source d\u2019id\u00e9es et d\u2019entrain pour la dynamique inter-communale et le projet de territoire<\/p>\n\n\n\n<p>.<\/p>\n<\/div>\n<\/div>\n\n\n\n<figure class=\"wp-block-image size-full wp-container-content-9c51b35e\"><img loading=\"lazy\" decoding=\"async\" width=\"640\" height=\"480\" src=\"http:\/\/electionsvenon.fr\/wp-content\/uploads\/2026\/02\/vuemurianette.jpg\" alt=\"\" class=\"wp-image-55\" srcset=\"https:\/\/electionsvenon.fr\/wp-content\/uploads\/2026\/02\/vuemurianette.jpg 640w, https:\/\/electionsvenon.fr\/wp-content\/uploads\/2026\/02\/vuemurianette-300x225.jpg 300w\" sizes=\"auto, (max-width: 640px) 100vw, 640px\" \/><\/figure>\n<\/div>\n<\/div>\n\n\n\n<div class=\"wp-block-group alignfull has-global-padding is-layout-constrained wp-container-core-group-is-layout-08655630 wp-block-group-is-layout-constrained\" style=\"margin-top:0;margin-bottom:0;padding-top:var(--wp--preset--spacing--80);padding-bottom:var(--wp--preset--spacing--80)\">\n<div class=\"wp-block-group alignwide is-layout-flow wp-block-group-is-layout-flow\">\n<p class=\"has-text-align-center is-style-text-display is-style-text-display--7\" style=\"font-style:normal;font-weight:400\">Des questions ? <br><a href=\"http:\/\/electionsvenon.fr\/?page_id=57\" data-type=\"page\" data-id=\"57\" rel=\"nofollow\">Venez nous rencontrer le Jeudi 5 mars \u00e0 la salle des f\u00eates de Venon<\/a><\/p>\n\n\n\n<p class=\"has-text-align-center is-style-text-display is-style-text-display--8\" style=\"font-style:normal;font-weight:400\">20h00<a href=\"#\" rel=\"nofollow\">.<\/a><\/p>\n\n\n\n<div style=\"height:var(--wp--preset--spacing--40)\" aria-hidden=\"true\" class=\"wp-block-spacer\"><\/div>\n\n\n\n<ul class=\"wp-block-social-links has-icon-color is-style-logos-only is-content-justification-center is-layout-flex wp-container-core-social-links-is-layout-a89b3969 wp-block-social-links-is-layout-flex\"><li class=\"wp-social-link wp-social-link-twitter has-contrast-color wp-block-social-link\"><a href=\"#\" class=\"wp-block-social-link-anchor\"><svg width=\"24\" height=\"24\" viewBox=\"0 0 24 24\" version=\"1.1\" xmlns=\"http:\/\/www.w3.org\/2000\/svg\" aria-hidden=\"true\" focusable=\"false\"><path d=\"M22.23,5.924c-0.736,0.326-1.527,0.547-2.357,0.646c0.847-0.508,1.498-1.312,1.804-2.27 c-0.793,0.47-1.671,0.812-2.606,0.996C18.324,4.498,17.257,4,16.077,4c-2.266,0-4.103,1.837-4.103,4.103 c0,0.322,0.036,0.635,0.106,0.935C8.67,8.867,5.647,7.234,3.623,4.751C3.27,5.357,3.067,6.062,3.067,6.814 c0,1.424,0.724,2.679,1.825,3.415c-0.673-0.021-1.305-0.206-1.859-0.513c0,0.017,0,0.034,0,0.052c0,1.988,1.414,3.647,3.292,4.023 c-0.344,0.094-0.707,0.144-1.081,0.144c-0.264,0-0.521-0.026-0.772-0.074c0.522,1.63,2.038,2.816,3.833,2.85 c-1.404,1.1-3.174,1.756-5.096,1.756c-0.331,0-0.658-0.019-0.979-0.057c1.816,1.164,3.973,1.843,6.29,1.843 c7.547,0,11.675-6.252,11.675-11.675c0-0.178-0.004-0.355-0.012-0.531C20.985,7.47,21.68,6.747,22.23,5.924z\"><\/path><\/svg><span class=\"wp-block-social-link-label screen-reader-text\">Twitter<\/span><\/a><\/li>\n\n<li class=\"wp-social-link wp-social-link-facebook has-contrast-color wp-block-social-link\"><a href=\"#\" class=\"wp-block-social-link-anchor\"><svg width=\"24\" height=\"24\" viewBox=\"0 0 24 24\" version=\"1.1\" xmlns=\"http:\/\/www.w3.org\/2000\/svg\" aria-hidden=\"true\" focusable=\"false\"><path d=\"M12 2C6.5 2 2 6.5 2 12c0 5 3.7 9.1 8.4 9.9v-7H7.9V12h2.5V9.8c0-2.5 1.5-3.9 3.8-3.9 1.1 0 2.2.2 2.2.2v2.5h-1.3c-1.2 0-1.6.8-1.6 1.6V12h2.8l-.4 2.9h-2.3v7C18.3 21.1 22 17 22 12c0-5.5-4.5-10-10-10z\"><\/path><\/svg><span class=\"wp-block-social-link-label screen-reader-text\">Facebook<\/span><\/a><\/li>\n\n<li class=\"wp-social-link wp-social-link-instagram has-contrast-color wp-block-social-link\"><a href=\"#\" class=\"wp-block-social-link-anchor\"><svg width=\"24\" height=\"24\" viewBox=\"0 0 24 24\" version=\"1.1\" xmlns=\"http:\/\/www.w3.org\/2000\/svg\" aria-hidden=\"true\" focusable=\"false\"><path d=\"M12,4.622c2.403,0,2.688,0.009,3.637,0.052c0.877,0.04,1.354,0.187,1.671,0.31c0.42,0.163,0.72,0.358,1.035,0.673 c0.315,0.315,0.51,0.615,0.673,1.035c0.123,0.317,0.27,0.794,0.31,1.671c0.043,0.949,0.052,1.234,0.052,3.637 s-0.009,2.688-0.052,3.637c-0.04,0.877-0.187,1.354-0.31,1.671c-0.163,0.42-0.358,0.72-0.673,1.035 c-0.315,0.315-0.615,0.51-1.035,0.673c-0.317,0.123-0.794,0.27-1.671,0.31c-0.949,0.043-1.233,0.052-3.637,0.052 s-2.688-0.009-3.637-0.052c-0.877-0.04-1.354-0.187-1.671-0.31c-0.42-0.163-0.72-0.358-1.035-0.673 c-0.315-0.315-0.51-0.615-0.673-1.035c-0.123-0.317-0.27-0.794-0.31-1.671C4.631,14.688,4.622,14.403,4.622,12 s0.009-2.688,0.052-3.637c0.04-0.877,0.187-1.354,0.31-1.671c0.163-0.42,0.358-0.72,0.673-1.035 c0.315-0.315,0.615-0.51,1.035-0.673c0.317-0.123,0.794-0.27,1.671-0.31C9.312,4.631,9.597,4.622,12,4.622 M12,3 C9.556,3,9.249,3.01,8.289,3.054C7.331,3.098,6.677,3.25,6.105,3.472C5.513,3.702,5.011,4.01,4.511,4.511 c-0.5,0.5-0.808,1.002-1.038,1.594C3.25,6.677,3.098,7.331,3.054,8.289C3.01,9.249,3,9.556,3,12c0,2.444,0.01,2.751,0.054,3.711 c0.044,0.958,0.196,1.612,0.418,2.185c0.23,0.592,0.538,1.094,1.038,1.594c0.5,0.5,1.002,0.808,1.594,1.038 c0.572,0.222,1.227,0.375,2.185,0.418C9.249,20.99,9.556,21,12,21s2.751-0.01,3.711-0.054c0.958-0.044,1.612-0.196,2.185-0.418 c0.592-0.23,1.094-0.538,1.594-1.038c0.5-0.5,0.808-1.002,1.038-1.594c0.222-0.572,0.375-1.227,0.418-2.185 C20.99,14.751,21,14.444,21,12s-0.01-2.751-0.054-3.711c-0.044-0.958-0.196-1.612-0.418-2.185c-0.23-0.592-0.538-1.094-1.038-1.594 c-0.5-0.5-1.002-0.808-1.594-1.038c-0.572-0.222-1.227-0.375-2.185-0.418C14.751,3.01,14.444,3,12,3L12,3z M12,7.378 c-2.552,0-4.622,2.069-4.622,4.622S9.448,16.622,12,16.622s4.622-2.069,4.622-4.622S14.552,7.378,12,7.378z M12,15 c-1.657,0-3-1.343-3-3s1.343-3,3-3s3,1.343,3,3S13.657,15,12,15z M16.804,6.116c-0.596,0-1.08,0.484-1.08,1.08 s0.484,1.08,1.08,1.08c0.596,0,1.08-0.484,1.08-1.08S17.401,6.116,16.804,6.116z\"><\/path><\/svg><span class=\"wp-block-social-link-label screen-reader-text\">Instagram<\/span><\/a><\/li>\n\n<li class=\"wp-social-link wp-social-link-pinterest has-contrast-color wp-block-social-link\"><a href=\"#\" class=\"wp-block-social-link-anchor\"><svg width=\"24\" height=\"24\" viewBox=\"0 0 24 24\" version=\"1.1\" xmlns=\"http:\/\/www.w3.org\/2000\/svg\" aria-hidden=\"true\" focusable=\"false\"><path d=\"M12.289,2C6.617,2,3.606,5.648,3.606,9.622c0,1.846,1.025,4.146,2.666,4.878c0.25,0.111,0.381,0.063,0.439-0.169 c0.044-0.175,0.267-1.029,0.365-1.428c0.032-0.128,0.017-0.237-0.091-0.362C6.445,11.911,6.01,10.75,6.01,9.668 c0-2.777,2.194-5.464,5.933-5.464c3.23,0,5.49,2.108,5.49,5.122c0,3.407-1.794,5.768-4.13,5.768c-1.291,0-2.257-1.021-1.948-2.277 c0.372-1.495,1.089-3.112,1.089-4.191c0-0.967-0.542-1.775-1.663-1.775c-1.319,0-2.379,1.309-2.379,3.059 c0,1.115,0.394,1.869,0.394,1.869s-1.302,5.279-1.54,6.261c-0.405,1.666,0.053,4.368,0.094,4.604 c0.021,0.126,0.167,0.169,0.25,0.063c0.129-0.165,1.699-2.419,2.142-4.051c0.158-0.59,0.817-2.995,0.817-2.995 c0.43,0.784,1.681,1.446,3.013,1.446c3.963,0,6.822-3.494,6.822-7.833C20.394,5.112,16.849,2,12.289,2\"><\/path><\/svg><span class=\"wp-block-social-link-label screen-reader-text\">Pinterest<\/span><\/a><\/li><\/ul>\n<\/div>\n<\/div>\n","protected":false},"excerpt":{"rendered":"<p>Cadre de vie Pour pr\u00e9server l\u2019\u00e2me de notre village dans un cadre harmonieux et correspondant aux balcons de Belledonne, nous nous engageons \u00e0 : &#8211; Assurer un d\u00e9veloppement harmonieux de l\u2019urbanisme de la commune qui pr\u00e9serve le caract\u00e8re rural et champ\u00eatre de notre petite commune de montagne&#8211; Travailler au fleurissement de la commune&#8211; R\u00e9pondre aux [&hellip;]<\/p>\n","protected":false},"author":1,"featured_media":0,"parent":0,"menu_order":0,"comment_status":"closed","ping_status":"closed","template":"","meta":{"footnotes":""},"class_list":["post-47","page","type-page","status-publish","hentry"],"_links":{"self":[{"href":"https:\/\/electionsvenon.fr\/index.php?rest_route=\/wp\/v2\/pages\/47","targetHints":{"allow":["GET"]}}],"collection":[{"href":"https:\/\/electionsvenon.fr\/index.php?rest_route=\/wp\/v2\/pages"}],"about":[{"href":"https:\/\/electionsvenon.fr\/index.php?rest_route=\/wp\/v2\/types\/page"}],"author":[{"embeddable":true,"href":"https:\/\/electionsvenon.fr\/index.php?rest_route=\/wp\/v2\/users\/1"}],"replies":[{"embeddable":true,"href":"https:\/\/electionsvenon.fr\/index.php?rest_route=%2Fwp%2Fv2%2Fcomments&post=47"}],"version-history":[{"count":3,"href":"https:\/\/electionsvenon.fr\/index.php?rest_route=\/wp\/v2\/pages\/47\/revisions"}],"predecessor-version":[{"id":87,"href":"https:\/\/electionsvenon.fr\/index.php?rest_route=\/wp\/v2\/pages\/47\/revisions\/87"}],"wp:attachment":[{"href":"https:\/\/electionsvenon.fr\/index.php?rest_route=%2Fwp%2Fv2%2Fmedia&parent=47"}],"curies":[{"name":"wp","href":"https:\/\/api.w.org\/{rel}","templated":true}]}}